{"id":2,"date":"2020-08-13T11:35:18","date_gmt":"2020-08-13T11:35:18","guid":{"rendered":"https:\/\/ip187.ip-51-210-42.eu\/?page_id=2"},"modified":"2025-08-27T04:09:58","modified_gmt":"2025-08-27T04:09:58","slug":"sample-page","status":"publish","type":"page","link":"https:\/\/mycabanascomestrue.com\/index.php\/sample-page\/","title":{"rendered":"Biographie"},"content":{"rendered":"\n<p class=\"has-text-align-center\"><strong>Parce que vos parents vous ont appris \u00e0 ne pas parler aux \u00e9trangers&#8230; <\/strong><br><strong>Une pr\u00e9sentation de nous s&#8217;impose !<\/strong><\/p>\n\n\n\n<hr class=\"wp-block-separator has-css-opacity\"\/>\n\n\n\n<h2 class=\"wp-block-heading has-text-align-center has-larger-font-size\">Nos boules d&#8217;amour&#8230;<\/h2>\n\n\n<div class=\"wp-block-image\">\n<figure class=\"alignleft size-large is-resized\"><img loading=\"lazy\" decoding=\"async\" width=\"633\" height=\"1024\" src=\"https:\/\/mycabanascomestrue.com\/wp-content\/uploads\/2021\/01\/20180414_102720_1-633x1024.jpg\" alt=\"\" class=\"wp-image-657\" style=\"width:230px;height:371px\" srcset=\"https:\/\/mycabanascomestrue.com\/wp-content\/uploads\/2021\/01\/20180414_102720_1-633x1024.jpg 633w, https:\/\/mycabanascomestrue.com\/wp-content\/uploads\/2021\/01\/20180414_102720_1-186x300.jpg 186w, https:\/\/mycabanascomestrue.com\/wp-content\/uploads\/2021\/01\/20180414_102720_1.jpg 681w\" sizes=\"auto, (max-width: 633px) 100vw, 633px\" \/><\/figure>\n<\/div>\n\n\n<p><strong>Titi<\/strong><\/p>\n\n\n\n<p>N\u00e9 en 2004 \u00e0 Le Mans (Sarthe- FRANCE)<\/p>\n\n\n\n<p>Race : Chat europ\u00e9en<\/p>\n\n\n\n<p>Notre petite boule d&#8217;amour noire nous a quitt\u00e9 le 5 mai 2023. Il aura \u00e9t\u00e9 le t\u00e9moin de nos vies et de la r\u00e9alisation de notre r\u00eave. C&#8217;est avec beaucoup de courage qu&#8217;il nous a accompagn\u00e9 jusqu&#8217;au Panama, dans cette nouvelle vie.<\/p>\n\n\n\n<p>Nous avons lui avons rendu tout l&#8217;amour qu&#8217;il nous a donn\u00e9. Son absence est un grand vide. Un miaulement, un fr\u00f4lement, un grattement&#8230; nous donne parfois l&#8217;illusion qu&#8217;il est l\u00e0.<\/p>\n\n\n\n<p>Maintenant, il se repose sous un majestueux manguier. Aupr\u00e8s de nous et de ses s\u0153urs. A jamais dans nos c\u0153urs.<\/p>\n\n\n\n<div style=\"height:20px\" aria-hidden=\"true\" class=\"wp-block-spacer\"><\/div>\n\n\n<div class=\"wp-block-image\">\n<figure class=\"alignright size-large is-resized\"><img loading=\"lazy\" decoding=\"async\" width=\"676\" height=\"1024\" src=\"https:\/\/mycabanascomestrue.com\/wp-content\/uploads\/2020\/10\/20200830_162401_2-676x1024.jpg\" alt=\"\" class=\"wp-image-510\" style=\"width:265px;height:400px\" srcset=\"https:\/\/mycabanascomestrue.com\/wp-content\/uploads\/2020\/10\/20200830_162401_2-676x1024.jpg 676w, https:\/\/mycabanascomestrue.com\/wp-content\/uploads\/2020\/10\/20200830_162401_2-198x300.jpg 198w, https:\/\/mycabanascomestrue.com\/wp-content\/uploads\/2020\/10\/20200830_162401_2.jpg 700w\" sizes=\"auto, (max-width: 676px) 100vw, 676px\" \/><\/figure>\n<\/div>\n\n\n<p><strong>Y\u00fbki<\/strong><\/p>\n\n\n\n<p>N\u00e9e en 2015 \u00e0 Goutrens (Aveyron &#8211; FRANCE)<\/p>\n\n\n\n<p>Race : Husky sib\u00e9rien<\/p>\n\n\n\n<p>A peine rentr\u00e9s d&#8217;Argentine, nous partons sur les routes de l&#8217;Aveyron pour r\u00e9cup\u00e9rer notre petite Y\u00fbki. Nous avons craqu\u00e9 pour ses beaux yeux bruns et sa belle robe grise-blanche. \ud83d\ude0d <\/p>\n\n\n\n<p>A l&#8217;\u00e2ge de 5 mois, Y\u00fbki convulse chaque jour ! Apr\u00e8s plusieurs examens, les v\u00e9t\u00e9rinaires concluent \u00e0 de l&#8217;\u00e9pilepsie. Avec un traitement journalier, elle peut profiter de chaque journ\u00e9e et nous faisons en sorte que sa vie soit riche en exp\u00e9riences.<\/p>\n\n\n\n<p>Nous avons h\u00e2te de la voir \u00e9voluer dans son nouvel environnement&#8230; Elle va adorer !<\/p>\n\n\n\n<div style=\"height:20px\" aria-hidden=\"true\" class=\"wp-block-spacer\"><\/div>\n\n\n<div class=\"wp-block-image\">\n<figure class=\"alignleft size-large is-resized\"><img loading=\"lazy\" decoding=\"async\" width=\"658\" height=\"1024\" src=\"https:\/\/mycabanascomestrue.com\/wp-content\/uploads\/2023\/01\/Umi-1-658x1024.jpg\" alt=\"\" class=\"wp-image-1267\" style=\"width:240px;height:375px\" srcset=\"https:\/\/mycabanascomestrue.com\/wp-content\/uploads\/2023\/01\/Umi-1-658x1024.jpg 658w, https:\/\/mycabanascomestrue.com\/wp-content\/uploads\/2023\/01\/Umi-1-193x300.jpg 193w, https:\/\/mycabanascomestrue.com\/wp-content\/uploads\/2023\/01\/Umi-1-768x1196.jpg 768w, https:\/\/mycabanascomestrue.com\/wp-content\/uploads\/2023\/01\/Umi-1-987x1536.jpg 987w, https:\/\/mycabanascomestrue.com\/wp-content\/uploads\/2023\/01\/Umi-1-1315x2048.jpg 1315w, https:\/\/mycabanascomestrue.com\/wp-content\/uploads\/2023\/01\/Umi-1-scaled.jpg 1644w\" sizes=\"auto, (max-width: 658px) 100vw, 658px\" \/><\/figure>\n<\/div>\n\n\n<p class=\"has-text-align-left\"><strong>Umi<\/strong><\/p>\n\n\n\n<p>N\u00e9e en 2022 \u00e0 Santiago de Veraguas (PANAMA)<\/p>\n\n\n\n<p>Race : Crois\u00e9 Husky sib\u00e9rien et Berger blanc<\/p>\n\n\n\n<p>Ca faisait un p&#8217;tit moment que nous voulions agrandir notre tribu. Mais le d\u00e9part avec 2 animaux \u00e9tait assez sportif pour en rajouter un troisi\u00e8me. Nous avons donc patient\u00e9&#8230; 5 mois apr\u00e8s notre arriv\u00e9e pour accueillir notre petite Umi.<\/p>\n\n\n\n<p>Une petite s\u0153ur pour Titi et Y\u00fbki qui l&#8217;ont rapidement int\u00e9gr\u00e9. Y\u00fbki apprend \u00e0 Umi les r\u00e8gles de base mais aussi quelques b\u00eatises \ud83d\ude06 Ca fait vraiment plaisir de les voir jouer ensemble.<\/p>\n\n\n\n<div style=\"height:20px\" aria-hidden=\"true\" class=\"wp-block-spacer\"><\/div>\n\n\n\n\n\n<p><strong>Mei<\/strong><\/p>\n\n\n\n<p>N\u00e9e en 2024 \u00e0 Torio (PANAMA)<\/p>\n\n\n\n<p>Race : Chat de goutti\u00e8re<\/p>\n\n\n\n<p>J&#8217;avoue, ce jour l\u00e0, je n&#8217;ai pas r\u00e9fl\u00e9chi. Seule la volont\u00e9 de donner un foyer s\u00e9curisant \u00e0 une petite boule de poil \u00e0 parler. Cela faisait 1 an que Titi nous avait quitt\u00e9, j&#8217;\u00e9tais pr\u00eate \u00e0 accueillir de nouveaux ronrons \u00e0 la maison.<\/p>\n\n\n\n<p>Du haut de ses 6 semaines, elle nous a adopt\u00e9 de suite en se r\u00e9fugiant dans le creux de nos cous. Aujourd&#8217;hui encore elle nous demande, \u00e0 force de miaulement et de regards qui tuent, \u00e0 venir se blottir contre nous. Une vraie miss c\u00e2lin !<\/p>\n\n\n\n<div style=\"height:20px\" aria-hidden=\"true\" class=\"wp-block-spacer\"><\/div>\n\n\n\n\n\n<div class=\"wp-block-group is-nowrap is-layout-flex wp-container-core-group-is-layout-ad2f72ca wp-block-group-is-layout-flex\">\n<p><strong>Yoru<\/strong><\/p>\n<\/div>\n\n\n\n<p>N\u00e9 en 2023 (enfin, c&#8217;est ce que l&#8217;on a estim\u00e9) \u00e0 Torio (PANAMA)<\/p>\n\n\n\n<p>Race : Chat europ\u00e9en<\/p>\n\n\n\n<p>Malgr\u00e9 sa taille fr\u00eale, Yoru a \u00e9t\u00e9 maman. Nous l&#8217;avons trouv\u00e9 dans une voiture avec ses 3 chatons. Pendant 12 semaines, nous avons pris soin de cette petite famille bien au frais \u00e0 la maison. Avec beaucoup de chance, nous avons trouv\u00e9 une famille qui souhaitait adopter les 3 chatons pour leurs 3 enfants. <\/p>\n\n\n\n<p>Apr\u00e8s avoir essay\u00e9 de trouver une famille \u00e0 Yoru, celle-ci est devenu ins\u00e9parable avec Mei. Elles dorment ensemble, mangent ensemble, se font la toilette, joue des heures \u00e0 la bagarre&#8230; Quoi de plus mignon ? Il ne nous en pas pas fallu plus pour l&#8217;int\u00e9grer \u00e0 notre tribu.<\/p>\n\n\n\n<div style=\"height:20px\" aria-hidden=\"true\" class=\"wp-block-spacer\"><\/div>\n\n\n\n\n\n<p><strong>Ebi <\/strong><\/p>\n\n\n\n<p>N\u00e9e en 2025 \u00e0 Pontones (PANAMA)<\/p>\n\n\n\n<p>Race : Criollo<\/p>\n\n\n\n<p>Encore une rescap\u00e9e ! Parce que quand on aime, on ne compte pas <\/p>\n\n\n\n<p>Trouv\u00e9e dans un champ, couverte de puces, an\u00e9mi\u00e9e, malnutrie&#8230; il a fallu 2 mois pour la remettre sur pied. Aujourd&#8217;hui, elle a bien grandi et apprend toutes les bases avec Umi qui prend \u00e0 c\u0153ur son r\u00f4le de grande s\u0153ur. <\/p>\n\n\n\n<p>Avec ses airs de Dobby, elle a su toucher notre c\u0153ur. <\/p>\n\n\n\n<div style=\"height:20px\" aria-hidden=\"true\" class=\"wp-block-spacer\"><\/div>\n\n\n\n<hr class=\"wp-block-separator has-css-opacity\"\/>\n\n\n\n<div style=\"height:20px\" aria-hidden=\"true\" class=\"wp-block-spacer\"><\/div>\n\n\n\n<h2 class=\"wp-block-heading has-text-align-center has-larger-font-size\">Et puis nous 2&#8230; <\/h2>\n\n\n\n<div class=\"wp-block-columns is-layout-flex wp-container-core-columns-is-layout-9d6595d7 wp-block-columns-is-layout-flex\">\n<div class=\"wp-block-column is-layout-flow wp-block-column-is-layout-flow\">\n<p><strong>Sylvain<\/strong><\/p>\n\n\n\n<p>N\u00e9 en 1985 \u00e0 Le Mans (Sarthe &#8211; FRANCE)<\/p>\n\n\n<div class=\"wp-block-image\">\n<figure class=\"alignleft size-large is-resized\"><img loading=\"lazy\" decoding=\"async\" width=\"907\" height=\"1024\" src=\"https:\/\/mycabanascomestrue.com\/wp-content\/uploads\/2023\/01\/20221210_114103-907x1024.jpg\" alt=\"\" class=\"wp-image-1269\" style=\"width:302px;height:340px\" srcset=\"https:\/\/mycabanascomestrue.com\/wp-content\/uploads\/2023\/01\/20221210_114103-907x1024.jpg 907w, https:\/\/mycabanascomestrue.com\/wp-content\/uploads\/2023\/01\/20221210_114103-266x300.jpg 266w, https:\/\/mycabanascomestrue.com\/wp-content\/uploads\/2023\/01\/20221210_114103-768x867.jpg 768w, https:\/\/mycabanascomestrue.com\/wp-content\/uploads\/2023\/01\/20221210_114103-1361x1536.jpg 1361w, https:\/\/mycabanascomestrue.com\/wp-content\/uploads\/2023\/01\/20221210_114103.jpg 1385w\" sizes=\"auto, (max-width: 907px) 100vw, 907px\" \/><\/figure>\n<\/div>\n\n\n<p><\/p>\n<\/div>\n\n\n\n<div class=\"wp-block-column is-layout-flow wp-block-column-is-layout-flow\">\n<p class=\"has-text-align-right\"><strong>Elodie<\/strong><\/p>\n\n\n\n<p class=\"has-text-align-right\">N\u00e9e en 1983 \u00e0 Le Mans (Sarthe &#8211; FRANCE)<\/p>\n\n\n<div class=\"wp-block-image\">\n<figure class=\"alignright size-full is-resized\"><img loading=\"lazy\" decoding=\"async\" width=\"640\" height=\"640\" src=\"https:\/\/mycabanascomestrue.com\/wp-content\/uploads\/2023\/01\/me.jpg\" alt=\"\" class=\"wp-image-1268\" style=\"width:339px;height:339px\" srcset=\"https:\/\/mycabanascomestrue.com\/wp-content\/uploads\/2023\/01\/me.jpg 640w, https:\/\/mycabanascomestrue.com\/wp-content\/uploads\/2023\/01\/me-300x300.jpg 300w, https:\/\/mycabanascomestrue.com\/wp-content\/uploads\/2023\/01\/me-150x150.jpg 150w\" sizes=\"auto, (max-width: 640px) 100vw, 640px\" \/><\/figure>\n<\/div><\/div>\n<\/div>\n\n\n\n<p>Nous 2, \u00e7a fait 21 ans que \u00e7a dure et ce n&#8217;est pas pr\u00e8s de s&#8217;arr\u00eater !<\/p>\n\n\n\n<p>Apr\u00e8s des carri\u00e8res de bureaux dans l&#8217;informatique et l&#8217;ing\u00e9nierie p\u00e9dagogique, on d\u00e9cide de tout plaquer pour r\u00e9aliser nos r\u00eaves. <\/p>\n\n\n\n<p>\u00c7a faisait longtemps que nous projetions de vivre une exp\u00e9rience en dehors de la France. C&#8217;est bien d&#8217;en parler, c&#8217;est encore mieux de passer \u00e0 l&#8217;action. Alors, fin 2018, on prend &#8220;LA&#8221; d\u00e9cision : avant mes 40 ans, nous partirons de la m\u00e9tropole fran\u00e7aise. <\/p>\n\n\n\n<p><strong>18 Juillet 2022 &#8211; Notre nouvelle vie commence<\/strong> <strong>au Panama<\/strong>&#8230; Ce blog a pour vocation de pr\u00e9senter les d\u00e9marches de notre expatriation, de mani\u00e8re assez d\u00e9taill\u00e9e pour vous aider dans votre future immigration ou expatriation.<\/p>\n\n\n\n<p>Voil\u00e0 plus d&#8217;un an que nous vivons au Panama et je dois dire que nous n&#8217;avons aucun regret. L&#8217;int\u00e9gration a \u00e9t\u00e9 tellement facile et rapide que nous avons l&#8217;impression d&#8217;\u00eatre ici depuis plus longtemps. Comme une \u00e9vidence !<\/p>\n\n\n\n<p>Si votre lecture vous a conduit jusqu&#8217;\u00e0 cette ligne, c&#8217;est que vous aussi vous pr\u00e9voyez de rejoindre ce beau pays (ou que vous \u00eates tout simplement curieux :)). N&#8217;h\u00e9sitez pas \u00e0 prendre contact avec nous via notre Facebook, vous pourrez nous poser toutes les questions qui se bousculent dans votre t\u00eate. Non, non ! Vous ne serez pas le premier. D&#8217;ailleurs nous avons rencontr\u00e9 de nombreuses personnes au Panama qui avait lu notre blog. C&#8217;est fou, je n&#8217;aurais jamais imagin\u00e9 cela. Si on peut vous aider, \u00e7a sera un plaisir pour nous.<\/p>\n\n\n\n<p>Je ne peux que vous recommander de venir visiter la Sunset Coast du Panama, c&#8217;est tellement verdoyant,  sauvage, hors des circuits touristiques, naturels&#8230; Bref ! Venez la d\u00e9couvrir. On pourra vous accueillir sur notre domaine de <a rel=\"noreferrer noopener\" href=\"https:\/\/la-loma-del-mango.com\/\" data-type=\"link\" data-id=\"https:\/\/la-loma-del-mango.com\/\" target=\"_blank\">LA LOMA DEL MANGO<\/a>.<\/p>\n\n\n\n<p>\u00a1Hasta pronto!<br>Elodie &amp; Sylvain<\/p>\n\n\n\n<hr class=\"wp-block-separator has-css-opacity\"\/>\n\n\n\n<div class=\"wp-block-columns is-layout-flex wp-container-core-columns-is-layout-9d6595d7 wp-block-columns-is-layout-flex\">\n<div class=\"wp-block-column is-layout-flow wp-block-column-is-layout-flow\" style=\"flex-basis:100%\">\n<div class=\"wp-block-group\"><div class=\"wp-block-group__inner-container is-layout-flow wp-block-group-is-layout-flow\">\n<figure class=\"wp-block-table aligncenter is-style-stripes\"><table class=\"has-background\" style=\"background-color:#f3f4f5\"><thead><tr><th class=\"has-text-align-left\" data-align=\"left\"><\/th><th class=\"has-text-align-center\" data-align=\"center\"><strong>LUI<\/strong><\/th><th class=\"has-text-align-center\" data-align=\"center\"><strong>MOI<\/strong><\/th><\/tr><\/thead><tbody><tr><td class=\"has-text-align-left\" data-align=\"left\">Signe astrologique <\/td><td class=\"has-text-align-center\" data-align=\"center\">CAPRICORNE<\/td><td class=\"has-text-align-center\" data-align=\"center\">SAGITTAIRE<\/td><\/tr><tr><td class=\"has-text-align-left\" data-align=\"left\">Temp\u00e9rament<\/td><td class=\"has-text-align-center\" data-align=\"center\">Zen, logique, naturel, born\u00e9, positif, <br>constant, sociable, impatient<\/td><td class=\"has-text-align-center\" data-align=\"center\">Speed, enthousiaste, maniaque, organis\u00e9e, <br>ouverte, curieuse, lunatique, cr\u00e9ative<\/td><\/tr><tr><td class=\"has-text-align-left\" data-align=\"left\">Cr\u00e9do<\/td><td class=\"has-text-align-center\" data-align=\"center\">This is the way !<\/td><td class=\"has-text-align-center\" data-align=\"center\">Il n&#8217;y a pas de plan\u00e8te B !<\/td><\/tr><tr><td class=\"has-text-align-left\" data-align=\"left\">Passe-temps<\/td><td class=\"has-text-align-center\" data-align=\"center\">Bricolage, jeux vid\u00e9os, <br>jardinage, informatique<\/td><td class=\"has-text-align-center\" data-align=\"center\">Marche \u00e0 pied, loisirs cr\u00e9atifs, <br>d\u00e9voreuse de livre, cuisine<\/td><\/tr><tr><td class=\"has-text-align-left\" data-align=\"left\">Vision du voyage<\/td><td class=\"has-text-align-center\" data-align=\"center\">Farniente, impro, nature,<br>gastronomie, culture, observation, <br>autonomie, itin\u00e9rant<\/td><td class=\"has-text-align-center\" data-align=\"center\">Trek, orga, nature, <br>gastronomie, culture, observation,<br>autonomie, itin\u00e9rant<\/td><\/tr><\/tbody><\/table><\/figure>\n<\/div><\/div>\n<\/div>\n<\/div>\n\n\n\n<hr class=\"wp-block-separator has-css-opacity\"\/>\n","protected":false},"excerpt":{"rendered":"<p>Parce que vos parents vous ont appris \u00e0 ne pas parler aux \u00e9trangers&#8230; Une pr\u00e9sentation de nous s&#8217;impose ! Nos boules d&#8217;amour&#8230; Titi N\u00e9 en [&hellip;]<\/p>\n","protected":false},"author":1,"featured_media":0,"parent":0,"menu_order":0,"comment_status":"open","ping_status":"open","template":"","meta":{"_monsterinsights_skip_tracking":false,"_monsterinsights_sitenote_active":false,"_monsterinsights_sitenote_note":"","_monsterinsights_sitenote_category":0,"footnotes":""},"class_list":["post-2","page","type-page","status-publish","hentry"],"yoast_head":"<!-- This site is optimized with the Yoast SEO plugin v27.3 - https:\/\/yoast.com\/product\/yoast-seo-wordpress\/ -->\n<title>Biographie - My cabanas comes true<\/title>\n<meta name=\"robots\" content=\"index, follow, max-snippet:-1, max-image-preview:large, max-video-preview:-1\" \/>\n<link rel=\"canonical\" href=\"https:\/\/mycabanascomestrue.com\/index.php\/sample-page\/\" \/>\n<meta property=\"og:locale\" content=\"en_US\" \/>\n<meta property=\"og:type\" content=\"article\" \/>\n<meta property=\"og:title\" content=\"Biographie - My cabanas comes true\" \/>\n<meta property=\"og:description\" content=\"Parce que vos parents vous ont appris \u00e0 ne pas parler aux \u00e9trangers&#8230; Une pr\u00e9sentation de nous s&#8217;impose ! Nos boules d&#8217;amour&#8230; Titi N\u00e9 en [&hellip;]\" \/>\n<meta property=\"og:url\" content=\"https:\/\/mycabanascomestrue.com\/index.php\/sample-page\/\" \/>\n<meta property=\"og:site_name\" content=\"My cabanas comes true\" \/>\n<meta property=\"article:publisher\" content=\"https:\/\/www.facebook.com\/mycabanascomestrue\/\" \/>\n<meta property=\"article:modified_time\" content=\"2025-08-27T04:09:58+00:00\" \/>\n<meta property=\"og:image\" content=\"https:\/\/mycabanascomestrue.com\/wp-content\/uploads\/2021\/01\/20180414_102720_1.jpg\" \/>\n\t<meta property=\"og:image:width\" content=\"681\" \/>\n\t<meta property=\"og:image:height\" content=\"1101\" \/>\n\t<meta property=\"og:image:type\" content=\"image\/jpeg\" \/>\n<meta name=\"twitter:card\" content=\"summary_large_image\" \/>\n<meta name=\"twitter:label1\" content=\"Est. reading time\" \/>\n\t<meta name=\"twitter:data1\" content=\"6 minutes\" \/>\n<script type=\"application\/ld+json\" class=\"yoast-schema-graph\">{\"@context\":\"https:\\\/\\\/schema.org\",\"@graph\":[{\"@type\":\"WebPage\",\"@id\":\"https:\\\/\\\/mycabanascomestrue.com\\\/index.php\\\/sample-page\\\/\",\"url\":\"https:\\\/\\\/mycabanascomestrue.com\\\/index.php\\\/sample-page\\\/\",\"name\":\"Biographie - My cabanas comes true\",\"isPartOf\":{\"@id\":\"https:\\\/\\\/mycabanascomestrue.com\\\/#website\"},\"primaryImageOfPage\":{\"@id\":\"https:\\\/\\\/mycabanascomestrue.com\\\/index.php\\\/sample-page\\\/#primaryimage\"},\"image\":{\"@id\":\"https:\\\/\\\/mycabanascomestrue.com\\\/index.php\\\/sample-page\\\/#primaryimage\"},\"thumbnailUrl\":\"https:\\\/\\\/mycabanascomestrue.com\\\/wp-content\\\/uploads\\\/2021\\\/01\\\/20180414_102720_1-633x1024.jpg\",\"datePublished\":\"2020-08-13T11:35:18+00:00\",\"dateModified\":\"2025-08-27T04:09:58+00:00\",\"breadcrumb\":{\"@id\":\"https:\\\/\\\/mycabanascomestrue.com\\\/index.php\\\/sample-page\\\/#breadcrumb\"},\"inLanguage\":\"en-US\",\"potentialAction\":[{\"@type\":\"ReadAction\",\"target\":[\"https:\\\/\\\/mycabanascomestrue.com\\\/index.php\\\/sample-page\\\/\"]}]},{\"@type\":\"ImageObject\",\"inLanguage\":\"en-US\",\"@id\":\"https:\\\/\\\/mycabanascomestrue.com\\\/index.php\\\/sample-page\\\/#primaryimage\",\"url\":\"https:\\\/\\\/mycabanascomestrue.com\\\/wp-content\\\/uploads\\\/2021\\\/01\\\/20180414_102720_1.jpg\",\"contentUrl\":\"https:\\\/\\\/mycabanascomestrue.com\\\/wp-content\\\/uploads\\\/2021\\\/01\\\/20180414_102720_1.jpg\",\"width\":681,\"height\":1101,\"caption\":\"Titi le chat de Elodie et Sylvain\"},{\"@type\":\"BreadcrumbList\",\"@id\":\"https:\\\/\\\/mycabanascomestrue.com\\\/index.php\\\/sample-page\\\/#breadcrumb\",\"itemListElement\":[{\"@type\":\"ListItem\",\"position\":1,\"name\":\"Home\",\"item\":\"https:\\\/\\\/mycabanascomestrue.com\\\/\"},{\"@type\":\"ListItem\",\"position\":2,\"name\":\"Biographie\"}]},{\"@type\":\"WebSite\",\"@id\":\"https:\\\/\\\/mycabanascomestrue.com\\\/#website\",\"url\":\"https:\\\/\\\/mycabanascomestrue.com\\\/\",\"name\":\"My cabanas comes true\",\"description\":\"Blog\",\"potentialAction\":[{\"@type\":\"SearchAction\",\"target\":{\"@type\":\"EntryPoint\",\"urlTemplate\":\"https:\\\/\\\/mycabanascomestrue.com\\\/?s={search_term_string}\"},\"query-input\":{\"@type\":\"PropertyValueSpecification\",\"valueRequired\":true,\"valueName\":\"search_term_string\"}}],\"inLanguage\":\"en-US\"}]}<\/script>\n<!-- \/ Yoast SEO plugin. -->","yoast_head_json":{"title":"Biographie - My cabanas comes true","robots":{"index":"index","follow":"follow","max-snippet":"max-snippet:-1","max-image-preview":"max-image-preview:large","max-video-preview":"max-video-preview:-1"},"canonical":"https:\/\/mycabanascomestrue.com\/index.php\/sample-page\/","og_locale":"en_US","og_type":"article","og_title":"Biographie - My cabanas comes true","og_description":"Parce que vos parents vous ont appris \u00e0 ne pas parler aux \u00e9trangers&#8230; Une pr\u00e9sentation de nous s&#8217;impose ! Nos boules d&#8217;amour&#8230; Titi N\u00e9 en [&hellip;]","og_url":"https:\/\/mycabanascomestrue.com\/index.php\/sample-page\/","og_site_name":"My cabanas comes true","article_publisher":"https:\/\/www.facebook.com\/mycabanascomestrue\/","article_modified_time":"2025-08-27T04:09:58+00:00","og_image":[{"width":681,"height":1101,"url":"https:\/\/mycabanascomestrue.com\/wp-content\/uploads\/2021\/01\/20180414_102720_1.jpg","type":"image\/jpeg"}],"twitter_card":"summary_large_image","twitter_misc":{"Est. reading time":"6 minutes"},"schema":{"@context":"https:\/\/schema.org","@graph":[{"@type":"WebPage","@id":"https:\/\/mycabanascomestrue.com\/index.php\/sample-page\/","url":"https:\/\/mycabanascomestrue.com\/index.php\/sample-page\/","name":"Biographie - My cabanas comes true","isPartOf":{"@id":"https:\/\/mycabanascomestrue.com\/#website"},"primaryImageOfPage":{"@id":"https:\/\/mycabanascomestrue.com\/index.php\/sample-page\/#primaryimage"},"image":{"@id":"https:\/\/mycabanascomestrue.com\/index.php\/sample-page\/#primaryimage"},"thumbnailUrl":"https:\/\/mycabanascomestrue.com\/wp-content\/uploads\/2021\/01\/20180414_102720_1-633x1024.jpg","datePublished":"2020-08-13T11:35:18+00:00","dateModified":"2025-08-27T04:09:58+00:00","breadcrumb":{"@id":"https:\/\/mycabanascomestrue.com\/index.php\/sample-page\/#breadcrumb"},"inLanguage":"en-US","potentialAction":[{"@type":"ReadAction","target":["https:\/\/mycabanascomestrue.com\/index.php\/sample-page\/"]}]},{"@type":"ImageObject","inLanguage":"en-US","@id":"https:\/\/mycabanascomestrue.com\/index.php\/sample-page\/#primaryimage","url":"https:\/\/mycabanascomestrue.com\/wp-content\/uploads\/2021\/01\/20180414_102720_1.jpg","contentUrl":"https:\/\/mycabanascomestrue.com\/wp-content\/uploads\/2021\/01\/20180414_102720_1.jpg","width":681,"height":1101,"caption":"Titi le chat de Elodie et Sylvain"},{"@type":"BreadcrumbList","@id":"https:\/\/mycabanascomestrue.com\/index.php\/sample-page\/#breadcrumb","itemListElement":[{"@type":"ListItem","position":1,"name":"Home","item":"https:\/\/mycabanascomestrue.com\/"},{"@type":"ListItem","position":2,"name":"Biographie"}]},{"@type":"WebSite","@id":"https:\/\/mycabanascomestrue.com\/#website","url":"https:\/\/mycabanascomestrue.com\/","name":"My cabanas comes true","description":"Blog","potentialAction":[{"@type":"SearchAction","target":{"@type":"EntryPoint","urlTemplate":"https:\/\/mycabanascomestrue.com\/?s={search_term_string}"},"query-input":{"@type":"PropertyValueSpecification","valueRequired":true,"valueName":"search_term_string"}}],"inLanguage":"en-US"}]}},"_links":{"self":[{"href":"https:\/\/mycabanascomestrue.com\/index.php\/wp-json\/wp\/v2\/pages\/2","targetHints":{"allow":["GET"]}}],"collection":[{"href":"https:\/\/mycabanascomestrue.com\/index.php\/wp-json\/wp\/v2\/pages"}],"about":[{"href":"https:\/\/mycabanascomestrue.com\/index.php\/wp-json\/wp\/v2\/types\/page"}],"author":[{"embeddable":true,"href":"https:\/\/mycabanascomestrue.com\/index.php\/wp-json\/wp\/v2\/users\/1"}],"replies":[{"embeddable":true,"href":"https:\/\/mycabanascomestrue.com\/index.php\/wp-json\/wp\/v2\/comments?post=2"}],"version-history":[{"count":81,"href":"https:\/\/mycabanascomestrue.com\/index.php\/wp-json\/wp\/v2\/pages\/2\/revisions"}],"predecessor-version":[{"id":2255,"href":"https:\/\/mycabanascomestrue.com\/index.php\/wp-json\/wp\/v2\/pages\/2\/revisions\/2255"}],"wp:attachment":[{"href":"https:\/\/mycabanascomestrue.com\/index.php\/wp-json\/wp\/v2\/media?parent=2"}],"curies":[{"name":"wp","href":"https:\/\/api.w.org\/{rel}","templated":true}]}}